{"id":16,"date":"2011-09-08T09:35:12","date_gmt":"2011-09-08T09:35:12","guid":{"rendered":"http:\/\/scheidhuber.com\/cms\/?page_id=16"},"modified":"2018-10-29T14:54:44","modified_gmt":"2018-10-29T14:54:44","slug":"uber-uns","status":"publish","type":"page","link":"https:\/\/www.scheidhuber.com\/cms\/uber-uns\/","title":{"rendered":"\u00dcber uns"},"content":{"rendered":"<p>Seit \u00fcber 35 Jahren arbeiten wir erfolgreich im Raum Augsburg und M\u00fcnchen:<\/p>\n<p><strong>1975<\/strong> Gr\u00fcndung durch Paul und Eva Scheidhuber<br \/>\n<strong>1990<\/strong> Umwandlung zur GmbH<br \/>\n<strong>1994<\/strong> Gesellenbrief J\u00f6rg Scheidhuber (Gas- und Wasserinstallateur)<br \/>\n<strong>1995<\/strong> Gesellenbrief Bernd Scheidhuber (Heizungs- und L\u00fcftungsbauer)<br \/>\n<strong>1998<\/strong> Meisterbrief J\u00f6rg Scheidhuber (Installateur- und Heizungsbauer)<br \/>\n<strong>1999<\/strong> Meisterbrief Bernd Scheidhuber (Installateur und Heizungsbauer)<br \/>\n<strong>2002<\/strong> \u00dcbernahme durch J\u00f6rg und Bernd Scheidhuber<\/p>\n<p>&nbsp;<\/p>\n<p>&nbsp;<\/p>\n","protected":false},"excerpt":{"rendered":"<p>Seit \u00fcber 35 Jahren arbeiten wir erfolgreich im Raum Augsburg und M\u00fcnchen: 1975 Gr\u00fcndung durch Paul und Eva Scheidhuber 1990 Umwandlung zur GmbH 1994 Gesellenbrief J\u00f6rg Scheidhuber (Gas- und Wasserinstallateur) 1995 Gesellenbrief Bernd Scheidhuber (Heizungs- und L\u00fcftungsbauer) 1998 Meisterbrief J\u00f6rg Scheidhuber (Installateur- und Heizungsbauer) 1999 Meisterbrief Bernd Scheidhuber (Installateur und Heizungsbauer) 2002 \u00dcbernahme durch J\u00f6rg [&hellip;]<\/p>\n","protected":false},"author":1,"featured_media":0,"parent":0,"menu_order":0,"comment_status":"open","ping_status":"open","template":"","meta":[],"_links":{"self":[{"href":"https:\/\/www.scheidhuber.com\/cms\/wp-json\/wp\/v2\/pages\/16"}],"collection":[{"href":"https:\/\/www.scheidhuber.com\/cms\/wp-json\/wp\/v2\/pages"}],"about":[{"href":"https:\/\/www.scheidhuber.com\/cms\/wp-json\/wp\/v2\/types\/page"}],"author":[{"embeddable":true,"href":"https:\/\/www.scheidhuber.com\/cms\/wp-json\/wp\/v2\/users\/1"}],"replies":[{"embeddable":true,"href":"https:\/\/www.scheidhuber.com\/cms\/wp-json\/wp\/v2\/comments?post=16"}],"version-history":[{"count":8,"href":"https:\/\/www.scheidhuber.com\/cms\/wp-json\/wp\/v2\/pages\/16\/revisions"}],"predecessor-version":[{"id":71,"href":"https:\/\/www.scheidhuber.com\/cms\/wp-json\/wp\/v2\/pages\/16\/revisions\/71"}],"wp:attachment":[{"href":"https:\/\/www.scheidhuber.com\/cms\/wp-json\/wp\/v2\/media?parent=16"}],"curies":[{"name":"wp","href":"https:\/\/api.w.org\/{rel}","templated":true}]}}