{"id":21,"date":"2011-09-08T10:29:30","date_gmt":"2011-09-08T10:29:30","guid":{"rendered":"http:\/\/scheidhuber.com\/cms\/?page_id=21"},"modified":"2018-10-29T14:44:59","modified_gmt":"2018-10-29T14:44:59","slug":"heizung","status":"publish","type":"page","link":"https:\/\/www.scheidhuber.com\/cms\/leistungen\/heizung\/","title":{"rendered":"Heizung"},"content":{"rendered":"<section class=\"wpb-content-wrapper\"><p>[vc_row][vc_column width=&#8220;1\/4&#8243;][vc_column_text]<\/p>\n<h3>Unsere Leistungen<\/h3>\n<p>[\/vc_column_text][vc_wp_custommenu nav_menu=&#8220;6&#8243;][\/vc_column][vc_column width=&#8220;3\/4&#8243;][vc_column_text]<a href=\"https:\/\/www.scheidhuber.com\/cms\/wp-content\/uploads\/2011\/09\/heizung01.jpg\"><img loading=\"lazy\" class=\"aligncenter size-full wp-image-88\" title=\"heizung01\" src=\"https:\/\/www.scheidhuber.com\/cms\/wp-content\/uploads\/2011\/09\/heizung01.jpg\" alt=\"\" width=\"600\" height=\"356\" srcset=\"https:\/\/www.scheidhuber.com\/cms\/wp-content\/uploads\/2011\/09\/heizung01.jpg 600w, https:\/\/www.scheidhuber.com\/cms\/wp-content\/uploads\/2011\/09\/heizung01-300x178.jpg 300w, https:\/\/www.scheidhuber.com\/cms\/wp-content\/uploads\/2011\/09\/heizung01-160x94.jpg 160w, https:\/\/www.scheidhuber.com\/cms\/wp-content\/uploads\/2011\/09\/heizung01-220x130.jpg 220w, https:\/\/www.scheidhuber.com\/cms\/wp-content\/uploads\/2011\/09\/heizung01-340x201.jpg 340w, https:\/\/www.scheidhuber.com\/cms\/wp-content\/uploads\/2011\/09\/heizung01-460x272.jpg 460w, https:\/\/www.scheidhuber.com\/cms\/wp-content\/uploads\/2011\/09\/heizung01-520x308.jpg 520w\" sizes=\"(max-width: 600px) 100vw, 600px\" \/><\/a><\/p>\n<p>Die ideale L\u00f6sung f\u00fcr Ihre W\u00e4rme &#8211; Egal ob Gas-, \u00d6lheizungsanlagen, Solar oder W\u00e4rmepumpen.<\/p>\n<p><strong>F\u00fcr Ihre R\u00e4ume haben wir die ideale L\u00f6sung.<\/strong><\/p>\n<h3>Was wir Ihnen bieten<\/h3>\n<p>Das Rundum-Sorglos-Paket bietet Ihnen den gew\u00fcnschten Komfort mit der idealen Leistungen zu fairen Konditionen.<\/p>\n<ul>\n<li>Gasheizungsanlagen aller Art<\/li>\n<li>\u00d6lheizungsanlagen aller Art<\/li>\n<li>Solar, W\u00e4rmepumpen, regenerative Energien<\/li>\n<li>Austausch von Heizk\u00f6rpern<\/li>\n<li>Gasraumheizer, Gasherde<\/li>\n<li>Energieberatung<\/li>\n<li>Wartung und Reparatur<\/li>\n<\/ul>\n<p>Gerne beraten wir Sie im Hinblick auf Energiesparmethoden und F\u00f6rderm\u00f6glichkeiten. Nehmen Sie einfach <a title=\"Kontakt\" href=\"https:\/\/www.scheidhuber.com\/cms\/kontakt\/\">Kontakt<\/a> auf.[\/vc_column_text][\/vc_column][\/vc_row]<\/p>\n<\/section>","protected":false},"excerpt":{"rendered":"<p>Die ideale L\u00f6sung f\u00fcr Ihre W\u00e4rme &#8211; Egal ob Gas-, \u00d6lheizungsanlagen, Solar oder W\u00e4rmepumpen.<br \/>\nF\u00fcr Ihre R\u00e4ume haben wir die ideale L\u00f6sung.<\/p>\n","protected":false},"author":1,"featured_media":88,"parent":8,"menu_order":0,"comment_status":"open","ping_status":"open","template":"","meta":[],"_links":{"self":[{"href":"https:\/\/www.scheidhuber.com\/cms\/wp-json\/wp\/v2\/pages\/21"}],"collection":[{"href":"https:\/\/www.scheidhuber.com\/cms\/wp-json\/wp\/v2\/pages"}],"about":[{"href":"https:\/\/www.scheidhuber.com\/cms\/wp-json\/wp\/v2\/types\/page"}],"author":[{"embeddable":true,"href":"https:\/\/www.scheidhuber.com\/cms\/wp-json\/wp\/v2\/users\/1"}],"replies":[{"embeddable":true,"href":"https:\/\/www.scheidhuber.com\/cms\/wp-json\/wp\/v2\/comments?post=21"}],"version-history":[{"count":19,"href":"https:\/\/www.scheidhuber.com\/cms\/wp-json\/wp\/v2\/pages\/21\/revisions"}],"predecessor-version":[{"id":174,"href":"https:\/\/www.scheidhuber.com\/cms\/wp-json\/wp\/v2\/pages\/21\/revisions\/174"}],"up":[{"embeddable":true,"href":"https:\/\/www.scheidhuber.com\/cms\/wp-json\/wp\/v2\/pages\/8"}],"wp:featuredmedia":[{"embeddable":true,"href":"https:\/\/www.scheidhuber.com\/cms\/wp-json\/wp\/v2\/media\/88"}],"wp:attachment":[{"href":"https:\/\/www.scheidhuber.com\/cms\/wp-json\/wp\/v2\/media?parent=21"}],"curies":[{"name":"wp","href":"https:\/\/api.w.org\/{rel}","templated":true}]}}