{"id":4,"date":"2011-09-07T19:29:28","date_gmt":"2011-09-07T19:29:28","guid":{"rendered":"http:\/\/scheidhuber.com\/cms\/?page_id=4"},"modified":"2018-10-29T14:23:48","modified_gmt":"2018-10-29T14:23:48","slug":"home","status":"publish","type":"page","link":"https:\/\/www.scheidhuber.com\/cms\/","title":{"rendered":"Home"},"content":{"rendered":"<section class=\"wpb-content-wrapper\"><p>[vc_row][vc_column]\n\t\t\t<!-- START News Hero4 REVOLUTION SLIDER 6.6.3 --><p class=\"rs-p-wp-fix\"><\/p>\n\t\t\t<rs-module-wrap id=\"rev_slider_3_1_wrapper\" data-source=\"gallery\" style=\"visibility:hidden;background:#ffffff;padding:0;margin:0px auto;margin-top:0;margin-bottom:0;\">\n\t\t\t\t<rs-module id=\"rev_slider_3_1\" style=\"\" data-version=\"6.6.3\">\n\t\t\t\t\t<rs-slides style=\"overflow: hidden; position: absolute;\">\n\t\t\t\t\t\t<rs-slide style=\"position: absolute;\" data-key=\"rs-5\" data-title=\"Slide\" data-thumb=\"\/\/www.scheidhuber.com\/cms\/wp-content\/uploads\/2011\/09\/slider1-100x50.jpg\" data-anim=\"adpr:false;\">\n\t\t\t\t\t\t\t<img src=\"\/\/www.scheidhuber.com\/cms\/wp-content\/plugins\/revslider\/public\/assets\/assets\/dummy.png\" alt=\"\" title=\"Home\" class=\"rev-slidebg tp-rs-img rs-lazyload\" data-lazyload=\"\/\/www.scheidhuber.com\/cms\/wp-content\/uploads\/2011\/09\/slider1.jpg\" data-bg=\"p:center bottom;\" data-parallax=\"10\" data-panzoom=\"d:30000;ss:100;se:120;\" data-no-retina>\n<!--\n\t\t\t\t\t\t\t--><rs-layer\n\t\t\t\t\t\t\t\tid=\"slider-3-slide-5-layer-7\" \n\t\t\t\t\t\t\t\tclass=\"tp-shape tp-shapewrapper rs-selectable\"\n\t\t\t\t\t\t\t\tdata-type=\"shape\"\n\t\t\t\t\t\t\t\tdata-rsp_ch=\"on\"\n\t\t\t\t\t\t\t\tdata-xy=\"xo:16px;yo:240px;\"\n\t\t\t\t\t\t\t\tdata-text=\"fw:100;a:inherit;\"\n\t\t\t\t\t\t\t\tdata-dim=\"w:514px;h:149;\"\n\t\t\t\t\t\t\t\tdata-border=\"bor:5px,5px,5px,5px;\"\n\t\t\t\t\t\t\t\tdata-frame_0=\"tp:600;\"\n\t\t\t\t\t\t\t\tdata-frame_1=\"tp:600;sR:10;\"\n\t\t\t\t\t\t\t\tdata-frame_999=\"o:0;tp:600;st:w;sR:8690;\"\n\t\t\t\t\t\t\t\tstyle=\"z-index:5;background-color:#ffcc00;\"\n\t\t\t\t\t\t\t> \n\t\t\t\t\t\t\t<\/rs-layer><!--\n\n\t\t\t\t\t\t\t--><rs-layer\n\t\t\t\t\t\t\t\tid=\"slider-3-slide-5-layer-5\" \n\t\t\t\t\t\t\t\tclass=\"Furniture-Subtitle rs-selectable\"\n\t\t\t\t\t\t\t\tdata-type=\"text\"\n\t\t\t\t\t\t\t\tdata-color=\"#000000\"\n\t\t\t\t\t\t\t\tdata-rsp_ch=\"on\"\n\t\t\t\t\t\t\t\tdata-xy=\"xo:35px;yo:297px;\"\n\t\t\t\t\t\t\t\tdata-text=\"w:normal;s:17;l:20;fw:300;a:inherit;\"\n\t\t\t\t\t\t\t\tdata-dim=\"w:448px;h:89px;\"\n\t\t\t\t\t\t\t\tdata-frame_0=\"tp:600;\"\n\t\t\t\t\t\t\t\tdata-frame_1=\"tp:600;sR:10;\"\n\t\t\t\t\t\t\t\tdata-frame_999=\"o:0;tp:600;st:w;sR:8690;\"\n\t\t\t\t\t\t\t\tstyle=\"z-index:8;font-family:'Raleway';text-shadow:none;\"\n\t\t\t\t\t\t\t>Seit \u00fcber 40 Jahren Ihr zuverl\u00e4ssiger Partner \nim Raum Augsburg und M\u00fcnchen ! \n<br \/>\n\nFragen, W\u00fcnsche, Anregungen -- fragen Sie uns ! \n\t\t\t\t\t\t\t<\/rs-layer><!--\n\n\t\t\t\t\t\t\t--><rs-layer\n\t\t\t\t\t\t\t\tid=\"slider-3-slide-5-layer-8\" \n\t\t\t\t\t\t\t\tclass=\"Fashion-TextBlock rs-selectable\"\n\t\t\t\t\t\t\t\tdata-type=\"text\"\n\t\t\t\t\t\t\t\tdata-color=\"#007aff||rgba(255, 255, 255, 1)||rgba(255, 255, 255, 1)||rgba(255, 255, 255, 1)\"\n\t\t\t\t\t\t\t\tdata-rsp_ch=\"on\"\n\t\t\t\t\t\t\t\tdata-xy=\"x:c;xo:-236px,0,0,0;y:m;yo:72px,0,0,1px;\"\n\t\t\t\t\t\t\t\tdata-text=\"w:normal;s:20,50,50,30;l:40,55,55,35;fw:800,400,400,400;a:center;\"\n\t\t\t\t\t\t\t\tdata-dim=\"w:721px,721px,721px,420px;\"\n\t\t\t\t\t\t\t\tdata-frame_0=\"y:-100%;o:1;tp:600;\"\n\t\t\t\t\t\t\t\tdata-frame_0_mask=\"u:t;\"\n\t\t\t\t\t\t\t\tdata-frame_1=\"tp:600;sp:360;sR:10;\"\n\t\t\t\t\t\t\t\tdata-frame_1_mask=\"u:t;\"\n\t\t\t\t\t\t\t\tdata-frame_999=\"st:w;sp:1000;sR:8630;auto:true;\"\n\t\t\t\t\t\t\t\tdata-frame_999_mask=\"u:t;\"\n\t\t\t\t\t\t\t\tstyle=\"z-index:9;font-family:'Raleway';letter-spacing:2px;\"\n\t\t\t\t\t\t\t>Willkommen bei der Scheidhuber GmbH \n\t\t\t\t\t\t\t<\/rs-layer><!--\n-->\t\t\t\t\t\t<\/rs-slide>\n\t\t\t\t\t\t<rs-slide style=\"position: absolute;\" data-key=\"rs-6\" data-title=\"Slide\" data-thumb=\"\/\/www.scheidhuber.com\/cms\/wp-content\/uploads\/2011\/09\/wasserhahn-slider-100x50.jpg\" data-anim=\"adpr:false;\">\n\t\t\t\t\t\t\t<img src=\"\/\/www.scheidhuber.com\/cms\/wp-content\/plugins\/revslider\/public\/assets\/assets\/dummy.png\" alt=\"\" title=\"Home\" class=\"rev-slidebg tp-rs-img rs-lazyload\" data-lazyload=\"\/\/www.scheidhuber.com\/cms\/wp-content\/uploads\/2011\/09\/wasserhahn-slider.jpg\" data-bg=\"p:center bottom;\" data-parallax=\"10\" data-panzoom=\"d:30000;ss:100;se:120;\" data-no-retina>\n<!--\n\t\t\t\t\t\t\t--><rs-layer\n\t\t\t\t\t\t\t\tid=\"slider-3-slide-6-layer-7\" \n\t\t\t\t\t\t\t\tclass=\"tp-shape tp-shapewrapper rs-selectable\"\n\t\t\t\t\t\t\t\tdata-type=\"shape\"\n\t\t\t\t\t\t\t\tdata-rsp_ch=\"on\"\n\t\t\t\t\t\t\t\tdata-xy=\"xo:16px;yo:240px;\"\n\t\t\t\t\t\t\t\tdata-text=\"fw:100;a:inherit;\"\n\t\t\t\t\t\t\t\tdata-dim=\"w:514px;h:149px;\"\n\t\t\t\t\t\t\t\tdata-border=\"bor:5px,5px,5px,5px;\"\n\t\t\t\t\t\t\t\tdata-frame_0=\"tp:600;\"\n\t\t\t\t\t\t\t\tdata-frame_1=\"tp:600;sR:10;\"\n\t\t\t\t\t\t\t\tdata-frame_999=\"o:0;tp:600;st:w;sR:8690;\"\n\t\t\t\t\t\t\t\tstyle=\"z-index:5;background-color:#ffcc00;\"\n\t\t\t\t\t\t\t> \n\t\t\t\t\t\t\t<\/rs-layer><!--\n\n\t\t\t\t\t\t\t--><rs-layer\n\t\t\t\t\t\t\t\tid=\"slider-3-slide-6-layer-5\" \n\t\t\t\t\t\t\t\tclass=\"Furniture-Subtitle rs-selectable\"\n\t\t\t\t\t\t\t\tdata-type=\"text\"\n\t\t\t\t\t\t\t\tdata-color=\"#000000\"\n\t\t\t\t\t\t\t\tdata-rsp_ch=\"on\"\n\t\t\t\t\t\t\t\tdata-xy=\"xo:34px;yo:316px;\"\n\t\t\t\t\t\t\t\tdata-text=\"w:normal;s:17;l:20;fw:300;a:inherit;\"\n\t\t\t\t\t\t\t\tdata-dim=\"w:448px;h:89px;\"\n\t\t\t\t\t\t\t\tdata-frame_0=\"tp:600;\"\n\t\t\t\t\t\t\t\tdata-frame_1=\"tp:600;sR:10;\"\n\t\t\t\t\t\t\t\tdata-frame_999=\"o:0;tp:600;st:w;sR:8690;\"\n\t\t\t\t\t\t\t\tstyle=\"z-index:8;font-family:'Raleway';text-shadow:none;\"\n\t\t\t\t\t\t\t>Sanit\u00e4r von A-Z \u2013 Wir helfen Ihnen bei der Planung, Gestaltung und Umsetzung von Ihrem Bad. \n\t\t\t\t\t\t\t<\/rs-layer><!--\n\n\t\t\t\t\t\t\t--><rs-layer\n\t\t\t\t\t\t\t\tid=\"slider-3-slide-6-layer-8\" \n\t\t\t\t\t\t\t\tclass=\"Fashion-TextBlock rs-selectable\"\n\t\t\t\t\t\t\t\tdata-type=\"text\"\n\t\t\t\t\t\t\t\tdata-color=\"#007aff||rgba(255, 255, 255, 1)||rgba(255, 255, 255, 1)||rgba(255, 255, 255, 1)\"\n\t\t\t\t\t\t\t\tdata-rsp_ch=\"on\"\n\t\t\t\t\t\t\t\tdata-xy=\"x:l,c,c,c;xo:7px,0,0,0;y:m;yo:85px,0,0,1px;\"\n\t\t\t\t\t\t\t\tdata-text=\"w:normal;s:20,50,50,30;l:40,55,55,35;fw:800,400,400,400;a:center;\"\n\t\t\t\t\t\t\t\tdata-dim=\"w:304px,721px,721px,420px;\"\n\t\t\t\t\t\t\t\tdata-frame_0=\"y:-100%;o:1;tp:600;\"\n\t\t\t\t\t\t\t\tdata-frame_0_mask=\"u:t;\"\n\t\t\t\t\t\t\t\tdata-frame_1=\"tp:600;sp:360;sR:10;\"\n\t\t\t\t\t\t\t\tdata-frame_1_mask=\"u:t;\"\n\t\t\t\t\t\t\t\tdata-frame_999=\"st:w;sp:1000;sR:8630;auto:true;\"\n\t\t\t\t\t\t\t\tdata-frame_999_mask=\"u:t;\"\n\t\t\t\t\t\t\t\tstyle=\"z-index:9;font-family:'Raleway';letter-spacing:2px;\"\n\t\t\t\t\t\t\t>Sanit\u00e4r nach Wunsch \n\t\t\t\t\t\t\t<\/rs-layer><!--\n-->\t\t\t\t\t\t<\/rs-slide>\n\t\t\t\t\t\t<rs-slide style=\"position: absolute;\" data-key=\"rs-4\" data-title=\"Slide\" data-thumb=\"\/\/www.scheidhuber.com\/cms\/wp-content\/uploads\/2011\/09\/heizung-slider-100x50.jpg\" data-anim=\"adpr:false;\">\n\t\t\t\t\t\t\t<img src=\"\/\/www.scheidhuber.com\/cms\/wp-content\/plugins\/revslider\/public\/assets\/assets\/dummy.png\" alt=\"\" title=\"Home\" class=\"rev-slidebg tp-rs-img rs-lazyload\" data-lazyload=\"\/\/www.scheidhuber.com\/cms\/wp-content\/uploads\/2011\/09\/heizung-slider.jpg\" data-bg=\"p:center bottom;\" data-parallax=\"10\" data-panzoom=\"d:30000;ss:100;se:120;\" data-no-retina>\n<!--\n\t\t\t\t\t\t\t--><rs-layer\n\t\t\t\t\t\t\t\tid=\"slider-3-slide-4-layer-7\" \n\t\t\t\t\t\t\t\tclass=\"tp-shape tp-shapewrapper rs-selectable\"\n\t\t\t\t\t\t\t\tdata-type=\"shape\"\n\t\t\t\t\t\t\t\tdata-rsp_ch=\"on\"\n\t\t\t\t\t\t\t\tdata-xy=\"xo:16px;yo:239px;\"\n\t\t\t\t\t\t\t\tdata-text=\"fw:100;a:inherit;\"\n\t\t\t\t\t\t\t\tdata-dim=\"w:514px;h:149px;\"\n\t\t\t\t\t\t\t\tdata-border=\"bor:5px,5px,5px,5px;\"\n\t\t\t\t\t\t\t\tdata-frame_0=\"tp:600;\"\n\t\t\t\t\t\t\t\tdata-frame_1=\"tp:600;sR:10;\"\n\t\t\t\t\t\t\t\tdata-frame_999=\"o:0;tp:600;st:w;sR:8690;\"\n\t\t\t\t\t\t\t\tstyle=\"z-index:5;background-color:#ffcc00;\"\n\t\t\t\t\t\t\t> \n\t\t\t\t\t\t\t<\/rs-layer><!--\n\n\t\t\t\t\t\t\t--><rs-layer\n\t\t\t\t\t\t\t\tid=\"slider-3-slide-4-layer-5\" \n\t\t\t\t\t\t\t\tclass=\"Furniture-Subtitle rs-selectable\"\n\t\t\t\t\t\t\t\tdata-type=\"text\"\n\t\t\t\t\t\t\t\tdata-color=\"#000000\"\n\t\t\t\t\t\t\t\tdata-rsp_ch=\"on\"\n\t\t\t\t\t\t\t\tdata-xy=\"xo:34px;yo:317px;\"\n\t\t\t\t\t\t\t\tdata-text=\"w:normal;s:17;l:20;fw:300;a:inherit;\"\n\t\t\t\t\t\t\t\tdata-dim=\"w:448px;h:89px;\"\n\t\t\t\t\t\t\t\tdata-frame_0=\"tp:600;\"\n\t\t\t\t\t\t\t\tdata-frame_1=\"tp:600;sR:10;\"\n\t\t\t\t\t\t\t\tdata-frame_999=\"o:0;tp:600;st:w;sR:8690;\"\n\t\t\t\t\t\t\t\tstyle=\"z-index:8;font-family:'Raleway';text-shadow:none;\"\n\t\t\t\t\t\t\t>Wir begleiten Sie von der Planung bis zur Realiserung bei Ihrer neuen oder bestehenden Heizungsanlage. \n\t\t\t\t\t\t\t<\/rs-layer><!--\n\n\t\t\t\t\t\t\t--><rs-layer\n\t\t\t\t\t\t\t\tid=\"slider-3-slide-4-layer-8\" \n\t\t\t\t\t\t\t\tclass=\"Fashion-TextBlock rs-selectable\"\n\t\t\t\t\t\t\t\tdata-type=\"text\"\n\t\t\t\t\t\t\t\tdata-color=\"#007aff||rgba(255, 255, 255, 1)||rgba(255, 255, 255, 1)||rgba(255, 255, 255, 1)\"\n\t\t\t\t\t\t\t\tdata-rsp_ch=\"on\"\n\t\t\t\t\t\t\t\tdata-xy=\"x:l,c,c,c;xo:30px,0,0,0;y:m;yo:81px,0,0,1px;\"\n\t\t\t\t\t\t\t\tdata-text=\"w:normal;s:20,50,50,30;l:40,55,55,35;fw:800,400,400,400;a:center;\"\n\t\t\t\t\t\t\t\tdata-dim=\"w:304px,721px,721px,420px;\"\n\t\t\t\t\t\t\t\tdata-frame_0=\"y:-100%;o:1;tp:600;\"\n\t\t\t\t\t\t\t\tdata-frame_0_mask=\"u:t;\"\n\t\t\t\t\t\t\t\tdata-frame_1=\"tp:600;sp:360;sR:10;\"\n\t\t\t\t\t\t\t\tdata-frame_1_mask=\"u:t;\"\n\t\t\t\t\t\t\t\tdata-frame_999=\"st:w;sp:1000;sR:8630;auto:true;\"\n\t\t\t\t\t\t\t\tdata-frame_999_mask=\"u:t;\"\n\t\t\t\t\t\t\t\tstyle=\"z-index:9;font-family:'Raleway';letter-spacing:2px;\"\n\t\t\t\t\t\t\t>Heizungen vom Fachmann \n\t\t\t\t\t\t\t<\/rs-layer><!--\n-->\t\t\t\t\t\t<\/rs-slide>\n\t\t\t\t\t\t<rs-slide style=\"position: absolute;\" data-key=\"rs-7\" data-title=\"Slide\" data-thumb=\"\/\/www.scheidhuber.com\/cms\/wp-content\/uploads\/2011\/09\/solar-slider-100x50.jpg\" data-anim=\"adpr:false;\">\n\t\t\t\t\t\t\t<img src=\"\/\/www.scheidhuber.com\/cms\/wp-content\/plugins\/revslider\/public\/assets\/assets\/dummy.png\" alt=\"\" title=\"Home\" class=\"rev-slidebg tp-rs-img rs-lazyload\" data-lazyload=\"\/\/www.scheidhuber.com\/cms\/wp-content\/uploads\/2011\/09\/solar-slider.jpg\" data-bg=\"p:center bottom;\" data-parallax=\"10\" data-panzoom=\"d:30000;ss:100;se:120;\" data-no-retina>\n<!--\n\t\t\t\t\t\t\t--><rs-layer\n\t\t\t\t\t\t\t\tid=\"slider-3-slide-7-layer-7\" \n\t\t\t\t\t\t\t\tclass=\"tp-shape tp-shapewrapper rs-selectable\"\n\t\t\t\t\t\t\t\tdata-type=\"shape\"\n\t\t\t\t\t\t\t\tdata-rsp_ch=\"on\"\n\t\t\t\t\t\t\t\tdata-xy=\"xo:16px;yo:239px;\"\n\t\t\t\t\t\t\t\tdata-text=\"fw:100;a:inherit;\"\n\t\t\t\t\t\t\t\tdata-dim=\"w:514px;h:149px;\"\n\t\t\t\t\t\t\t\tdata-border=\"bor:5px,5px,5px,5px;\"\n\t\t\t\t\t\t\t\tdata-frame_0=\"tp:600;\"\n\t\t\t\t\t\t\t\tdata-frame_1=\"tp:600;sR:10;\"\n\t\t\t\t\t\t\t\tdata-frame_999=\"o:0;tp:600;st:w;sR:8690;\"\n\t\t\t\t\t\t\t\tstyle=\"z-index:5;background-color:#ffcc00;\"\n\t\t\t\t\t\t\t> \n\t\t\t\t\t\t\t<\/rs-layer><!--\n\n\t\t\t\t\t\t\t--><rs-layer\n\t\t\t\t\t\t\t\tid=\"slider-3-slide-7-layer-5\" \n\t\t\t\t\t\t\t\tclass=\"Furniture-Subtitle rs-selectable\"\n\t\t\t\t\t\t\t\tdata-type=\"text\"\n\t\t\t\t\t\t\t\tdata-color=\"#000000\"\n\t\t\t\t\t\t\t\tdata-rsp_ch=\"on\"\n\t\t\t\t\t\t\t\tdata-xy=\"xo:34px;yo:315px;\"\n\t\t\t\t\t\t\t\tdata-text=\"w:normal;s:17;l:20;fw:300;a:inherit;\"\n\t\t\t\t\t\t\t\tdata-dim=\"w:448px;h:89px;\"\n\t\t\t\t\t\t\t\tdata-frame_0=\"tp:600;\"\n\t\t\t\t\t\t\t\tdata-frame_1=\"tp:600;sR:10;\"\n\t\t\t\t\t\t\t\tdata-frame_999=\"o:0;tp:600;st:w;sR:8690;\"\n\t\t\t\t\t\t\t\tstyle=\"z-index:6;font-family:'Raleway';text-shadow:none;\"\n\t\t\t\t\t\t\t>Gerne beraten wir Sie im Hinblick auf Energiesparmethoden und F\u00f6rderm\u00f6glichkeiten. \n\t\t\t\t\t\t\t<\/rs-layer><!--\n\n\t\t\t\t\t\t\t--><rs-layer\n\t\t\t\t\t\t\t\tid=\"slider-3-slide-7-layer-8\" \n\t\t\t\t\t\t\t\tclass=\"Fashion-TextBlock rs-selectable\"\n\t\t\t\t\t\t\t\tdata-type=\"text\"\n\t\t\t\t\t\t\t\tdata-color=\"#007aff||rgba(255, 255, 255, 1)||rgba(255, 255, 255, 1)||rgba(255, 255, 255, 1)\"\n\t\t\t\t\t\t\t\tdata-rsp_ch=\"on\"\n\t\t\t\t\t\t\t\tdata-xy=\"x:l,c,c,c;xo:27px,0,0,0;y:m;yo:104px,0,0,1px;\"\n\t\t\t\t\t\t\t\tdata-text=\"w:normal;s:20,50,50,30;l:40,55,55,35;fw:800,400,400,400;a:center;\"\n\t\t\t\t\t\t\t\tdata-dim=\"w:378px,721px,721px,420px;h:81px,auto,auto,auto;\"\n\t\t\t\t\t\t\t\tdata-frame_0=\"y:-100%;o:1;tp:600;\"\n\t\t\t\t\t\t\t\tdata-frame_0_mask=\"u:t;\"\n\t\t\t\t\t\t\t\tdata-frame_1=\"tp:600;sp:360;sR:10;\"\n\t\t\t\t\t\t\t\tdata-frame_1_mask=\"u:t;\"\n\t\t\t\t\t\t\t\tdata-frame_999=\"st:w;sp:1000;sR:8630;auto:true;\"\n\t\t\t\t\t\t\t\tdata-frame_999_mask=\"u:t;\"\n\t\t\t\t\t\t\t\tstyle=\"z-index:7;font-family:'Raleway';letter-spacing:2px;\"\n\t\t\t\t\t\t\t>Solar und alternative Energien \n\t\t\t\t\t\t\t<\/rs-layer><!--\n-->\t\t\t\t\t\t<\/rs-slide>\n\t\t\t\t\t<\/rs-slides>\n\t\t\t\t<\/rs-module>\n\t\t\t\t<script>\n\t\t\t\t\tsetREVStartSize({c: 'rev_slider_3_1',rl:[1240,1024,778,480],el:[],gw:[1000,1000,778,480],gh:[400,400,300,250],type:'standard',justify:'',layout:'fullwidth',mh:\"0\"});if (window.RS_MODULES!==undefined && window.RS_MODULES.modules!==undefined && window.RS_MODULES.modules[\"revslider31\"]!==undefined) {window.RS_MODULES.modules[\"revslider31\"].once = false;window.revapi3 = undefined;if (window.RS_MODULES.checkMinimal!==undefined) window.RS_MODULES.checkMinimal()}\n\t\t\t\t<\/script>\n\t\t\t<\/rs-module-wrap>\n\t\t\t<!-- END REVOLUTION SLIDER -->\n[\/vc_column][\/vc_row][vc_row][vc_column][vc_separator color=&#8220;white&#8220; style=&#8220;dashed&#8220;][\/vc_column][\/vc_row][vc_row][vc_column width=&#8220;1\/3&#8243;][vc_column_text]<\/p>\n<h3>Kontakt:<\/h3>\n<p>P. Scheidhuber GmbH<br \/>\nSanit\u00e4r und Heizung<br \/>\nTel. 0821 \/ 66 51 50<\/p>\n<p><a href=\"https:\/\/www.scheidhuber.com\/cms\/kontakt\/\">mehr erfahren\u2026<\/a>[\/vc_column_text][\/vc_column][vc_column width=&#8220;1\/3&#8243;][vc_column_text]<\/p>\n<h3><a href=\"https:\/\/www.scheidhuber.com\/cms\/leistungen\/heizung\/\">Heizung<\/a><\/h3>\n<p>Die ideale L\u00f6sung f\u00fcr Ihre W\u00e4rme \u2013 Egal ob Gas-, \u00d6lheizungsanlagen, Solar oder W\u00e4rmepumpen.<br \/>\nF\u00fcr Ihre R\u00e4ume haben wir die ideale L\u00f6sung.[\/vc_column_text][\/vc_column][vc_column width=&#8220;1\/3&#8243;][vc_column_text]<\/p>\n<h3><a href=\"https:\/\/www.scheidhuber.com\/cms\/leistungen\/sanitaer\/\">Sanit\u00e4r<\/a><\/h3>\n<p>Sanit\u00e4r von A-Z \u2013 Wir helfen Ihnen bei der Planung, Gestaltung und Umsetzung von Ihrem Bad. Egal ob der Neubau oder die Sanierung und Renovierung Ihres Altbaues.[\/vc_column_text][\/vc_column][\/vc_row][vc_row][vc_column width=&#8220;1\/3&#8243;][\/vc_column][vc_column width=&#8220;1\/3&#8243;][vc_column_text]<\/p>\n<h3><a href=\"https:\/\/www.scheidhuber.com\/cms\/leistungen\/gas\/\">Gas<\/a><\/h3>\n<p>In Sachen Gas stellen wir f\u00fcr Sie den idealen Ansprechpartner dar. Sei es die Wartung, Reparatur sowie die Installation von Gasger\u00e4ten oder Rohrleitungen.[\/vc_column_text][\/vc_column][vc_column width=&#8220;1\/3&#8243;][vc_column_text]<\/p>\n<h3><a href=\"https:\/\/www.scheidhuber.com\/cms\/leistungen\/junkers\/\">Junkers<\/a><\/h3>\n<p>Junkers hat f\u00fcr jeden Bedarf die passende W\u00e4rmel\u00f6sung. Ganz gleich, ob es sich um eine kleine Wohnung, ein Reihenhaus oder ein Ein- oder Mehrfamilienhaus handelt.[\/vc_column_text][\/vc_column][\/vc_row]<\/p>\n<\/section>","protected":false},"excerpt":{"rendered":"<p>[vc_row][vc_column][\/vc_column][\/vc_row][vc_row][vc_column][vc_separator color=&#8220;white&#8220; style=&#8220;dashed&#8220;][\/vc_column][\/vc_row][vc_row][vc_column width=&#8220;1\/3&#8243;][vc_column_text] Kontakt: P. Scheidhuber GmbH Sanit\u00e4r und Heizung Tel. 0821 \/ 66 51 50 mehr erfahren\u2026[\/vc_column_text][\/vc_column][vc_column width=&#8220;1\/3&#8243;][vc_column_text] Heizung Die ideale L\u00f6sung f\u00fcr Ihre W\u00e4rme \u2013 Egal ob Gas-, \u00d6lheizungsanlagen, Solar oder W\u00e4rmepumpen. F\u00fcr Ihre R\u00e4ume haben wir die ideale L\u00f6sung.[\/vc_column_text][\/vc_column][vc_column width=&#8220;1\/3&#8243;][vc_column_text] Sanit\u00e4r Sanit\u00e4r von A-Z \u2013 Wir helfen Ihnen bei der Planung, [&hellip;]<\/p>\n","protected":false},"author":1,"featured_media":0,"parent":0,"menu_order":0,"comment_status":"open","ping_status":"open","template":"","meta":[],"_links":{"self":[{"href":"https:\/\/www.scheidhuber.com\/cms\/wp-json\/wp\/v2\/pages\/4"}],"collection":[{"href":"https:\/\/www.scheidhuber.com\/cms\/wp-json\/wp\/v2\/pages"}],"about":[{"href":"https:\/\/www.scheidhuber.com\/cms\/wp-json\/wp\/v2\/types\/page"}],"author":[{"embeddable":true,"href":"https:\/\/www.scheidhuber.com\/cms\/wp-json\/wp\/v2\/users\/1"}],"replies":[{"embeddable":true,"href":"https:\/\/www.scheidhuber.com\/cms\/wp-json\/wp\/v2\/comments?post=4"}],"version-history":[{"count":22,"href":"https:\/\/www.scheidhuber.com\/cms\/wp-json\/wp\/v2\/pages\/4\/revisions"}],"predecessor-version":[{"id":160,"href":"https:\/\/www.scheidhuber.com\/cms\/wp-json\/wp\/v2\/pages\/4\/revisions\/160"}],"wp:attachment":[{"href":"https:\/\/www.scheidhuber.com\/cms\/wp-json\/wp\/v2\/media?parent=4"}],"curies":[{"name":"wp","href":"https:\/\/api.w.org\/{rel}","templated":true}]}}