{"id":8,"date":"2011-09-08T07:56:59","date_gmt":"2011-09-08T07:56:59","guid":{"rendered":"http:\/\/scheidhuber.com\/cms\/?page_id=8"},"modified":"2018-10-29T14:39:49","modified_gmt":"2018-10-29T14:39:49","slug":"leistungen","status":"publish","type":"page","link":"https:\/\/www.scheidhuber.com\/cms\/leistungen\/","title":{"rendered":"Leistungen"},"content":{"rendered":"<section class=\"wpb-content-wrapper\"><p>[vc_row][vc_column width=&#8220;1\/3&#8243;][vc_column_text]<\/p>\n<h2>Unsere Leistungen<\/h2>\n<p>[\/vc_column_text][vc_wp_custommenu nav_menu=&#8220;6&#8243;][\/vc_column][vc_column width=&#8220;1\/3&#8243;][vc_column_text]<\/p>\n<h3><a href=\"https:\/\/www.scheidhuber.com\/cms\/leistungen\/heizung\/\">Heizung<\/a><\/h3>\n<p>[\/vc_column_text][vc_single_image image=&#8220;88&#8243; img_size=&#8220;&#8220; onclick=&#8220;custom_link&#8220; link=&#8220;https:\/\/www.scheidhuber.com\/cms\/leistungen\/heizung\/&#8220;][vc_column_text]Die ideale L\u00f6sung f\u00fcr Ihre W\u00e4rme &#8211; Egal ob Gas-, \u00d6lheizungsanlagen, Solar oder W\u00e4rmepumpen. F\u00fcr Ihre R\u00e4ume haben wir die ideale L\u00f6sung.<\/p>\n<div><a href=\"https:\/\/www.scheidhuber.com\/cms\/leistungen\/heizung\/\">mehr erfahren&#8230;<\/a><\/div>\n<p>[\/vc_column_text][\/vc_column][vc_column width=&#8220;1\/3&#8243;][vc_column_text]<\/p>\n<h3><a href=\"https:\/\/www.scheidhuber.com\/cms\/leistungen\/sanitaer\/\">Sanit\u00e4r<\/a><\/h3>\n<p>[\/vc_column_text][vc_single_image image=&#8220;93&#8243; img_size=&#8220;&#8220; onclick=&#8220;custom_link&#8220; link=&#8220;https:\/\/www.scheidhuber.com\/cms\/leistungen\/sanitaer\/&#8220;][vc_column_text]Sanit\u00e4r von A-Z &#8211; Wir helfen Ihnen bei der Planung, Gestaltung und Umsetzung von Ihrem Bad. Egal ob der Neubau oder die Sanierung und Renovierung Ihres Altbaues.<\/p>\n<div><a href=\"https:\/\/www.scheidhuber.com\/cms\/leistungen\/sanitaer\/\">mehr erfahren&#8230;<\/a><\/div>\n<p>[\/vc_column_text][\/vc_column][\/vc_row][vc_row][vc_column width=&#8220;1\/3&#8243;][\/vc_column][vc_column width=&#8220;1\/3&#8243;][vc_column_text]<\/p>\n<h3><a href=\"https:\/\/www.scheidhuber.com\/cms\/leistungen\/gas\/\">Gas<\/a><\/h3>\n<p>[\/vc_column_text][vc_single_image image=&#8220;110&#8243; img_size=&#8220;&#8220; onclick=&#8220;custom_link&#8220; link=&#8220;https:\/\/www.scheidhuber.com\/cms\/leistungen\/gas\/&#8220;][vc_column_text]In Sachen Gas stellen wir f\u00fcr Sie den idealen Ansprechpartner dar. Sei es die Wartung, Reparatur sowie die Installation von Gasger\u00e4ten oder Rohrleitungen.<\/p>\n<div><a href=\"https:\/\/www.scheidhuber.com\/cms\/leistungen\/gas\/\">mehr erfahren&#8230;<\/a><\/div>\n<p>[\/vc_column_text][\/vc_column][vc_column width=&#8220;1\/3&#8243;][vc_column_text]<\/p>\n<h3><a href=\"https:\/\/www.scheidhuber.com\/cms\/leistungen\/junkers\/\">Junkers<\/a><\/h3>\n<p>[\/vc_column_text][vc_single_image image=&#8220;97&#8243; img_size=&#8220;&#8220; onclick=&#8220;custom_link&#8220; link=&#8220;https:\/\/www.scheidhuber.com\/cms\/leistungen\/junkers\/&#8220;][vc_column_text]Sanit\u00e4r von A-Z &#8211; Wir helfen Ihnen bei der Planung, Gestaltung und Umsetzung von Ihrem Bad. Egal ob der Neubau oder die Sanierung und Renovierung Ihres Altbaues.<\/p>\n<div><a href=\"https:\/\/www.scheidhuber.com\/cms\/leistungen\/sanitaer\/\">mehr erfahren&#8230;<\/a><\/div>\n<p>[\/vc_column_text][\/vc_column][\/vc_row]<\/p>\n<\/section>","protected":false},"excerpt":{"rendered":"<p>[vc_row][vc_column width=&#8220;1\/3&#8243;][vc_column_text] Unsere Leistungen [\/vc_column_text][vc_wp_custommenu nav_menu=&#8220;6&#8243;][\/vc_column][vc_column width=&#8220;1\/3&#8243;][vc_column_text] Heizung [\/vc_column_text][vc_single_image image=&#8220;88&#8243; img_size=&#8220;&#8220; onclick=&#8220;custom_link&#8220; link=&#8220;https:\/\/www.scheidhuber.com\/cms\/leistungen\/heizung\/&#8220;][vc_column_text]Die ideale L\u00f6sung f\u00fcr Ihre W\u00e4rme &#8211; Egal ob Gas-, \u00d6lheizungsanlagen, Solar oder W\u00e4rmepumpen. F\u00fcr Ihre R\u00e4ume haben wir die ideale L\u00f6sung. mehr erfahren&#8230; [\/vc_column_text][\/vc_column][vc_column width=&#8220;1\/3&#8243;][vc_column_text] Sanit\u00e4r [\/vc_column_text][vc_single_image image=&#8220;93&#8243; img_size=&#8220;&#8220; onclick=&#8220;custom_link&#8220; link=&#8220;https:\/\/www.scheidhuber.com\/cms\/leistungen\/sanitaer\/&#8220;][vc_column_text]Sanit\u00e4r von A-Z &#8211; Wir helfen Ihnen bei der Planung, Gestaltung und [&hellip;]<\/p>\n","protected":false},"author":1,"featured_media":0,"parent":0,"menu_order":0,"comment_status":"open","ping_status":"open","template":"","meta":[],"_links":{"self":[{"href":"https:\/\/www.scheidhuber.com\/cms\/wp-json\/wp\/v2\/pages\/8"}],"collection":[{"href":"https:\/\/www.scheidhuber.com\/cms\/wp-json\/wp\/v2\/pages"}],"about":[{"href":"https:\/\/www.scheidhuber.com\/cms\/wp-json\/wp\/v2\/types\/page"}],"author":[{"embeddable":true,"href":"https:\/\/www.scheidhuber.com\/cms\/wp-json\/wp\/v2\/users\/1"}],"replies":[{"embeddable":true,"href":"https:\/\/www.scheidhuber.com\/cms\/wp-json\/wp\/v2\/comments?post=8"}],"version-history":[{"count":9,"href":"https:\/\/www.scheidhuber.com\/cms\/wp-json\/wp\/v2\/pages\/8\/revisions"}],"predecessor-version":[{"id":172,"href":"https:\/\/www.scheidhuber.com\/cms\/wp-json\/wp\/v2\/pages\/8\/revisions\/172"}],"wp:attachment":[{"href":"https:\/\/www.scheidhuber.com\/cms\/wp-json\/wp\/v2\/media?parent=8"}],"curies":[{"name":"wp","href":"https:\/\/api.w.org\/{rel}","templated":true}]}}