{"id":82,"date":"2011-09-12T10:15:28","date_gmt":"2011-09-12T10:15:28","guid":{"rendered":"http:\/\/scheidhuber.com\/cms\/?page_id=82"},"modified":"2018-10-29T14:54:10","modified_gmt":"2018-10-29T14:54:10","slug":"junkers","status":"publish","type":"page","link":"https:\/\/www.scheidhuber.com\/cms\/leistungen\/junkers\/","title":{"rendered":"Junkers"},"content":{"rendered":"<section class=\"wpb-content-wrapper\"><p>[vc_row][vc_column width=&#8220;1\/4&#8243;][vc_column_text]<\/p>\n<h3>Unsere Leistungen<\/h3>\n<p>[\/vc_column_text][vc_wp_custommenu nav_menu=&#8220;6&#8243;][\/vc_column][vc_column width=&#8220;3\/4&#8243;][vc_column_text]<img loading=\"lazy\" class=\"aligncenter size-full wp-image-97\" title=\"junkers\" src=\"https:\/\/www.scheidhuber.com\/cms\/wp-content\/uploads\/2011\/09\/junkers.jpg\" alt=\"\" width=\"600\" height=\"356\" srcset=\"https:\/\/www.scheidhuber.com\/cms\/wp-content\/uploads\/2011\/09\/junkers.jpg 600w, https:\/\/www.scheidhuber.com\/cms\/wp-content\/uploads\/2011\/09\/junkers-300x178.jpg 300w, https:\/\/www.scheidhuber.com\/cms\/wp-content\/uploads\/2011\/09\/junkers-160x94.jpg 160w, https:\/\/www.scheidhuber.com\/cms\/wp-content\/uploads\/2011\/09\/junkers-220x130.jpg 220w, https:\/\/www.scheidhuber.com\/cms\/wp-content\/uploads\/2011\/09\/junkers-340x201.jpg 340w, https:\/\/www.scheidhuber.com\/cms\/wp-content\/uploads\/2011\/09\/junkers-460x272.jpg 460w, https:\/\/www.scheidhuber.com\/cms\/wp-content\/uploads\/2011\/09\/junkers-520x308.jpg 520w\" sizes=\"(max-width: 600px) 100vw, 600px\" \/><\/p>\n<p>Wir sind qualifizierter Junkers-W\u00e4rmepartner (Diese Auszeichung wird von Junkers nur an langj\u00e4hrige, kompetente Partnerunternehmen vergeben).<\/p>\n<p>Junkers hat f\u00fcr jeden Bedarf die passende W\u00e4rmel\u00f6sung. Ganz gleich, ob es sich um eine kleine Wohnung, ein Reihenhaus oder ein Ein- oder Mehrfamilienhaus handelt. Auf dieser Seite finden Sie einen \u00dcberblick dar\u00fcber, was Junkers alles kann. Alle L\u00f6sungen verbindet jedoch eines &#8211; der \u00fcberdurchschnittliche Qualit\u00e4tsanspruch.<\/p>\n<h3>Was wir Ihnen bieten<\/h3>\n<p>Das Rundum-Sorglos-Paket bietet Ihnen den gew\u00fcnschten Komfort mit der idealen Leistungen zu fairen Konditionen.<\/p>\n<ul>\n<li>Planung<\/li>\n<li>Einbau<\/li>\n<li>Service<\/li>\n<li>Kundendienst<\/li>\n<li>Wartung<\/li>\n<\/ul>\n<h3>Junkers<\/h3>\n<p>Seit \u00fcber 30 Jahren sind wir auf Produkte des renommierten Herstellers Junkers spezialisiert.<br \/>\nLink:\u00a0 <a href=\"http:\/\/www.junkers.com \" target=\"_blank\" rel=\"noopener\">www.junkers.com\u00a0<\/a><\/p>\n<p>Gerne beraten wir Sie im Hinblick auf Energiesparmethoden und F\u00f6rderm\u00f6glichkeiten. Nehmen Sie einfach <a title=\"Kontakt\" href=\"https:\/\/www.scheidhuber.com\/cms\/kontakt\/\">Kontakt<\/a> auf.[\/vc_column_text][\/vc_column][\/vc_row]<\/p>\n<\/section>","protected":false},"excerpt":{"rendered":"<p>Junkers hat f\u00fcr jeden Bedarf die passende W\u00e4rmel\u00f6sung. Ganz gleich, ob es sich um eine kleine Wohnung, ein Reihenhaus oder ein Ein- oder Mehrfamilienhaus handelt. <\/p>\n","protected":false},"author":1,"featured_media":97,"parent":8,"menu_order":0,"comment_status":"open","ping_status":"open","template":"","meta":[],"_links":{"self":[{"href":"https:\/\/www.scheidhuber.com\/cms\/wp-json\/wp\/v2\/pages\/82"}],"collection":[{"href":"https:\/\/www.scheidhuber.com\/cms\/wp-json\/wp\/v2\/pages"}],"about":[{"href":"https:\/\/www.scheidhuber.com\/cms\/wp-json\/wp\/v2\/types\/page"}],"author":[{"embeddable":true,"href":"https:\/\/www.scheidhuber.com\/cms\/wp-json\/wp\/v2\/users\/1"}],"replies":[{"embeddable":true,"href":"https:\/\/www.scheidhuber.com\/cms\/wp-json\/wp\/v2\/comments?post=82"}],"version-history":[{"count":10,"href":"https:\/\/www.scheidhuber.com\/cms\/wp-json\/wp\/v2\/pages\/82\/revisions"}],"predecessor-version":[{"id":179,"href":"https:\/\/www.scheidhuber.com\/cms\/wp-json\/wp\/v2\/pages\/82\/revisions\/179"}],"up":[{"embeddable":true,"href":"https:\/\/www.scheidhuber.com\/cms\/wp-json\/wp\/v2\/pages\/8"}],"wp:featuredmedia":[{"embeddable":true,"href":"https:\/\/www.scheidhuber.com\/cms\/wp-json\/wp\/v2\/media\/97"}],"wp:attachment":[{"href":"https:\/\/www.scheidhuber.com\/cms\/wp-json\/wp\/v2\/media?parent=82"}],"curies":[{"name":"wp","href":"https:\/\/api.w.org\/{rel}","templated":true}]}}